{"id":911,"date":"2018-08-30T12:38:41","date_gmt":"2018-08-30T15:38:41","guid":{"rendered":"https:\/\/instacopozo-cha.infd.edu.ar\/sitio\/autoridades-3\/"},"modified":"2024-09-27T11:54:38","modified_gmt":"2024-09-27T14:54:38","slug":"autoridades-3","status":"publish","type":"page","link":"https:\/\/instacopozo-cha.infd.edu.ar\/sitio\/autoridades-3\/","title":{"rendered":"Autoridades"},"content":{"rendered":"<p><img decoding=\"async\" loading=\"lazy\" class=\"aligncenter\" src=\"https:\/\/text.media.giphy.com\/v1\/media\/giphy.gif?token=eyJhbGciOiJIUzI1NiIsInR5cCI6IkpXVCJ9.eyJrZXkiOiJwcm9kLTIwMjAtMDQtMjIiLCJzdHlsZSI6InBhcnR5dGltZSIsInRleHQiOiJJTlNUSVRVVE8lMjBERSUyMEVEVUNBQ0lPTiUyMFNVUEVSSU9SJTIwVEFDTyUyMFBPWk8iLCJpYXQiOjE3MjczODcyNzJ9.UDKqFjGCrmOwG9865CsAPxvm7fxUzn9Dmgva3sVNSIs\" width=\"376\" height=\"188\" \/><\/p>\n<p><img decoding=\"async\" loading=\"lazy\" class=\"alignleft\" src=\"https:\/\/instacopozo-cha.infd.edu.ar\/sitio\/wp-content\/uploads\/2018\/08\/libros_1.bmp\" width=\"231\" height=\"240\" \/><\/p>\n<p>\u00a0<\/p>\n<ul>\n<li><strong><span style=\"font-size: 12pt; color: #cc6600; font-family: Arial;\"><span style=\"color: #000080;\">Rectora<\/span>: Prof. Mercado, Sylvia A.\u00a0 \u00a0 \u00a0 <\/span><\/strong><\/li>\n<li><strong><span style=\"font-size: 12pt; color: #cc6600; font-family: Arial;\"><span style=\"color: #000080;\">Secretaria<\/span>: Prof. Hellu, Cecilia Beatriz<\/span><\/strong><\/li>\n<li><strong><span style=\"font-size: 12pt; color: #cc6600; font-family: Arial;\"><span style=\"color: #000080;\">Directora<\/span> <span style=\"color: #000080;\">de Estudios<\/span>: Prof. Dominguez, Walter.<br \/><\/span><\/strong><\/li>\n<li><strong><span style=\"font-size: 12pt; color: #cc6600; font-family: Arial;\"><span style=\"color: #003366;\">Bedeles<\/span>: Prof. L\u00f3pez Aguirre, Pedro &#8211; Mercado, Alba &#8211; Vizgarra, Ram\u00f3n.<\/span><\/strong><\/li>\n<li><strong><span style=\"font-size: 12pt; color: #cc6600; font-family: Arial;\"><span style=\"color: #000080;\">Profesor con Dedicaci\u00f3n Semiexcusiva<\/span>: Prof. Molina, Carla.<\/span><\/strong><\/li>\n<\/ul>\n\n\n<hr class=\"wp-block-separator has-alpha-channel-opacity\"\/>\n","protected":false},"excerpt":{"rendered":"<p>\u00a0 Rectora: Prof. Mercado, Sylvia A.\u00a0 \u00a0 \u00a0 Secretaria: Prof. Hellu, Cecilia Beatriz Directora de Estudios: Prof. Dominguez, Walter. Bedeles: Prof. L\u00f3pez Aguirre, Pedro &#8211; Mercado, Alba &#8211; Vizgarra, Ram\u00f3n. Profesor con Dedicaci\u00f3n Semiexcusiva: Prof. Molina, Carla.<\/p>\n","protected":false},"author":158,"featured_media":0,"parent":0,"menu_order":0,"comment_status":"closed","ping_status":"closed","template":"","meta":[],"acf":[],"_links":{"self":[{"href":"https:\/\/instacopozo-cha.infd.edu.ar\/sitio\/wp-json\/wp\/v2\/pages\/911"}],"collection":[{"href":"https:\/\/instacopozo-cha.infd.edu.ar\/sitio\/wp-json\/wp\/v2\/pages"}],"about":[{"href":"https:\/\/instacopozo-cha.infd.edu.ar\/sitio\/wp-json\/wp\/v2\/types\/page"}],"author":[{"embeddable":true,"href":"https:\/\/instacopozo-cha.infd.edu.ar\/sitio\/wp-json\/wp\/v2\/users\/158"}],"replies":[{"embeddable":true,"href":"https:\/\/instacopozo-cha.infd.edu.ar\/sitio\/wp-json\/wp\/v2\/comments?post=911"}],"version-history":[{"count":11,"href":"https:\/\/instacopozo-cha.infd.edu.ar\/sitio\/wp-json\/wp\/v2\/pages\/911\/revisions"}],"predecessor-version":[{"id":2567,"href":"https:\/\/instacopozo-cha.infd.edu.ar\/sitio\/wp-json\/wp\/v2\/pages\/911\/revisions\/2567"}],"wp:attachment":[{"href":"https:\/\/instacopozo-cha.infd.edu.ar\/sitio\/wp-json\/wp\/v2\/media?parent=911"}],"curies":[{"name":"wp","href":"https:\/\/api.w.org\/{rel}","templated":true}]}}