{"id":913,"date":"2018-08-30T12:38:42","date_gmt":"2018-08-30T15:38:42","guid":{"rendered":"https:\/\/instacopozo-cha.infd.edu.ar\/sitio\/historia\/"},"modified":"2024-09-27T12:07:55","modified_gmt":"2024-09-27T15:07:55","slug":"historia","status":"publish","type":"page","link":"https:\/\/instacopozo-cha.infd.edu.ar\/sitio\/historia\/","title":{"rendered":"Historia"},"content":{"rendered":"<h2 style=\"text-align: center;\"><img decoding=\"async\" loading=\"lazy\" class=\"\" src=\"https:\/\/text.media.giphy.com\/v1\/media\/giphy.gif?token=eyJhbGciOiJIUzI1NiIsInR5cCI6IkpXVCJ9.eyJrZXkiOiJwcm9kLTIwMjAtMDQtMjIiLCJzdHlsZSI6ImNsaWNraGVyZSIsInRleHQiOiJJTlNUSVRVVE8lMjBERSUyMEVEVUNBQ0lPTiUyMFNVUEVSSU9SJTIwVEFDTyUyMFBPWk8iLCJpYXQiOjE3MjczODcyNzJ9.-crIQ4I5i4xv-nKPebBGIX_MKXP-rWbDwPLblZ4h5aE\" width=\"506\" height=\"253\" \/><\/h2>\n<p style=\"text-align: justify;\"><span style=\"font-family: verdana, geneva; font-size: 12pt;\">Nuestra historia comenz\u00f3 en el a\u00f1o 1989, a partir de la necesidad de la creaci\u00f3n de un Instituto de Nivel Superior, en la localidad de Taco Pozo Provincia del Chaco.<\/span><\/p>\n<p style=\"text-align: justify;\"><span style=\"font-family: verdana, geneva; font-size: 12pt;\">El d\u00eda 01 de Abril del a\u00f1o 1991, se realiz\u00f3 en la escuela N\u00ba 928 \u201cOscar Samuel Orellana\u201d el acto de inauguraci\u00f3n del mismo.<\/span><\/p>\n<p style=\"text-align: justify;\"><span style=\"font-family: verdana, geneva; font-size: 12pt;\">El\u00a0\u00a004 de Abril del mismo a\u00f1o se dio comienzo al primer d\u00eda de clase, con una matr\u00edcula de 54 alumnos. Con cargo de rector\u00eda la Sra.: Noem\u00ed Nantz, secretario el Sr.: Oscar Maldonado, bedel la Sra. la se\u00f1ora Analuz Cortez, profesores dictantes: Elvira de Sol\u00eds, Orellana Oscar Samuel, Orellana Ang\u00e9lica y Batakis Adolfo.<\/span><\/p>\n<p style=\"text-align: justify;\"><span style=\"font-family: verdana, geneva; font-size: 12pt;\">En el a\u00f1o 1992, el 06 de Abril comenz\u00f3 el a\u00f1o lectivo del Profesorado para la Ense\u00f1anza Primaria; Resoluci\u00f3n N\u00ba 396\/ 1991.<\/span><\/p>\n<p style=\"text-align: justify;\"><span style=\"font-family: verdana, geneva; font-size: 12pt;\">En Diciembre del a\u00f1o 1993, se recibieron cuatro profesores para dicha carrera.<\/span><\/p>\n<p style=\"text-align: justify;\"><span style=\"font-family: verdana, geneva; font-size: 12pt;\">A principios del a\u00f1o 1995, durante el mes de Febrero comenz\u00f3 el ciclo lectivo con la presentaci\u00f3n en Rector\u00eda del Sr. Adolfo Batakis<\/span><\/p>\n<p style=\"text-align: justify;\"><span style=\"font-family: verdana, geneva; font-size: 12pt;\">Para el a\u00f1o 1996 se recibieron nuevamente cuatro alumnos de la carrera antes mencionada.<\/span><\/p>\n<p style=\"text-align: justify;\"><span style=\"font-family: verdana, geneva; font-size: 12pt;\">En el a\u00f1o 2000 se dio comienzo con la carrera de la Tecnicatura en Producci\u00f3n y Comercializaci\u00f3n Agropecuaria; resol. N\u00ba 2092\/ 2002.<\/span><\/p>\n<p style=\"text-align: justify;\"><span style=\"font-family: verdana, geneva; font-size: 12pt;\">En Agosto del mismo a\u00f1o, se design\u00f3 como Rectora a la Sra. Orellana, Mabel.<\/span><\/p>\n<p style=\"text-align: justify;\"><span style=\"font-family: verdana, geneva; font-size: 12pt;\">Dos a\u00f1os despu\u00e9s, se cre\u00f3 la Tecnicatura Superior en Psicopedagog\u00eda; resol. N\u00ba 2492\/2002.<\/span><\/p>\n<p style=\"text-align: justify;\"><span style=\"font-family: verdana, geneva; font-size: 12pt;\">En el a\u00f1o 2003, se realiz\u00f3 el acto de egresados de las carreras de Formaci\u00f3n Docente y la Tecnicatura en Producci\u00f3n y Comercializaci\u00f3n Agropecuaria.<\/span><\/p>\n<p style=\"text-align: justify;\"><span style=\"font-family: verdana, geneva; font-size: 12pt;\">Durante este ciclo se cre\u00f3 la Tecnicatura Superior en Gesti\u00f3n y Producci\u00f3n Agropecuaria y Forestal; resol N\u00ba 3089\/2003<\/span><\/p>\n<p style=\"text-align: justify;\"><span style=\"font-family: verdana, geneva; font-size: 12pt;\">Se cre\u00f3 la extensi\u00f3n de Servicio del Instituto Juan Mantovani en Profesorado para EGB3 y Educaci\u00f3n Polimodal en Tecnolog\u00eda; resol. 2295\/2005; en el a\u00f1o 2005.<\/span><\/p>\n<p style=\"text-align: justify;\"><span style=\"font-family: verdana, geneva; font-size: 12pt;\">En el a\u00f1o\u00a0\u00a02007, se cre\u00f3 la carrera de la Tecnicatura Superior en Inform\u00e1tica con Menci\u00f3n Educativa.<\/span><\/p>\n<p style=\"text-align: justify;\"><span style=\"font-family: verdana, geneva; font-size: 12pt;\">Durante el a\u00f1o 2009, en el mes de Octubre se cre\u00f3 nuevamente la carrera de Profesorado para el Nivel Primario, y e<\/span>n el marco de la Ley Nacional de Educaci\u00f3n N\u00ba 26.206 se actualiza su plan de estudios en el a\u00f1o 2014.<\/p>\n<p>En el mismo a\u00f1o se hacen importantes lanzamientos de ofertas formativas: Profesorado de educaci\u00f3n secundaria en matem\u00e1tica y Profesorado de educaci\u00f3n secundaria en Geografia.<\/p>\n<p>A principios del a\u00f1o 2015, el Profesorado de Nivel Inicial abre su primer cohorte.<\/p>\n<p>En el a\u00f1o 2020, la pandemia declarada por COVID obliga al dictado de las cuatro carreras en diversos formatos, hasta recuperar gradualmente la presencialidad en el transcurso del a\u00f1o 2021.<\/p>\n<p>En la actualidad, a la formaci\u00f3n docente habitual, la oferta formativa se extendi\u00f3n a la formaci\u00f3n t\u00e9cnica y de posgrado, incorporando acciones de capacitaci\u00f3n como parte de la formaci\u00f3n continua y acciones de investigaci\u00f3n por parte de la funci\u00f3n del IES de innovaci\u00f3n educativa.<\/p>\n","protected":false},"excerpt":{"rendered":"<p>Nuestra historia comenz\u00f3 en el a\u00f1o 1989, a partir de la necesidad de la creaci\u00f3n de un Instituto de Nivel Superior, en la localidad de Taco Pozo Provincia del Chaco. El d\u00eda 01 de Abril del a\u00f1o 1991, se realiz\u00f3 en la escuela N\u00ba 928 \u201cOscar Samuel Orellana\u201d el acto de inauguraci\u00f3n del mismo. El\u00a0\u00a004 &#8230; <a title=\"Historia\" class=\"read-more\" href=\"https:\/\/instacopozo-cha.infd.edu.ar\/sitio\/historia\/\" aria-label=\"More on Historia\">[+]<\/a><\/p>\n","protected":false},"author":158,"featured_media":0,"parent":0,"menu_order":0,"comment_status":"closed","ping_status":"closed","template":"","meta":[],"acf":[],"_links":{"self":[{"href":"https:\/\/instacopozo-cha.infd.edu.ar\/sitio\/wp-json\/wp\/v2\/pages\/913"}],"collection":[{"href":"https:\/\/instacopozo-cha.infd.edu.ar\/sitio\/wp-json\/wp\/v2\/pages"}],"about":[{"href":"https:\/\/instacopozo-cha.infd.edu.ar\/sitio\/wp-json\/wp\/v2\/types\/page"}],"author":[{"embeddable":true,"href":"https:\/\/instacopozo-cha.infd.edu.ar\/sitio\/wp-json\/wp\/v2\/users\/158"}],"replies":[{"embeddable":true,"href":"https:\/\/instacopozo-cha.infd.edu.ar\/sitio\/wp-json\/wp\/v2\/comments?post=913"}],"version-history":[{"count":2,"href":"https:\/\/instacopozo-cha.infd.edu.ar\/sitio\/wp-json\/wp\/v2\/pages\/913\/revisions"}],"predecessor-version":[{"id":2569,"href":"https:\/\/instacopozo-cha.infd.edu.ar\/sitio\/wp-json\/wp\/v2\/pages\/913\/revisions\/2569"}],"wp:attachment":[{"href":"https:\/\/instacopozo-cha.infd.edu.ar\/sitio\/wp-json\/wp\/v2\/media?parent=913"}],"curies":[{"name":"wp","href":"https:\/\/api.w.org\/{rel}","templated":true}]}}